{"id":296,"date":"2020-03-03T00:10:09","date_gmt":"2020-03-02T23:10:09","guid":{"rendered":"https:\/\/mangarevapearltrail.com\/?page_id=296"},"modified":"2025-02-02T02:56:18","modified_gmt":"2025-02-02T01:56:18","slug":"test","status":"publish","type":"page","link":"https:\/\/mangarevapearltrail.com\/?page_id=296","title":{"rendered":"Programme 2025"},"content":{"rendered":"\n<h1 class=\"wp-block-heading has-text-align-center has-black-color has-text-color has-link-color has-large-font-size wp-elements-d0583ef6a838b0f55d484b32b62c6be6\"><strong>Programme 2025 <\/strong><\/h1>\n\n\n\n<p class=\"has-text-align-center has-medium-font-size\"><\/p>\n\n\n\n<p class=\"has-text-align-center has-black-color has-text-color has-link-color has-medium-font-size wp-elements-dc70498989bdbe1385cca8f166d56319\"><em><u>Mardi 09 septembre\u00a0:<\/u><\/em><\/p>\n\n\n\n<p class=\"has-text-align-center has-black-color has-text-color has-link-color has-medium-font-size wp-elements-613b34150aad6cdda4046dfff9321bca\">&#8211; Apr\u00e8s 4h d\u2019avion et 30 minutes de bateau les premiers athl\u00e8tes arriveront sur l\u2019\u00eele de Mangareva (1 heure en plus par rapport \u00e0 Tahiti).<\/p>\n\n\n\n<p class=\"has-text-align-center has-black-color has-text-color has-link-color has-medium-font-size wp-elements-9bcb47ad553dc84e059727eeed6f11eb\">&#8211; Accueil des athl\u00e8tes \u00e0 leur arriv\u00e9e sur le quai.<\/p>\n\n\n\n<p class=\"has-text-align-center has-black-color has-text-color has-link-color has-medium-font-size wp-elements-b85343a190c13d9ce83eb3bd186abeb1\">&#8211; Installation des athl\u00e8tes dans leur logement respectif.<\/p>\n\n\n\n<p class=\"has-text-align-center has-black-color has-text-color has-link-color has-medium-font-size wp-elements-bf3a7eb03652ac452d4e8bd0e74a9a93\"><em><u>Samedi 13 septembre\u00a0:<\/u><\/em><\/p>\n\n\n\n<p class=\"has-text-align-center has-black-color has-text-color has-link-color has-medium-font-size wp-elements-67de0ea2719aa2bf747e01c77d752787\">&#8211; Apr\u00e8s 4h d\u2019avion et 30 minutes de bateau les deuxi\u00e8me groupe d&rsquo;athl\u00e8tes arriveront sur l\u2019\u00eele de Mangareva (1 heure en plus par rapport \u00e0 Tahiti).<\/p>\n\n\n\n<p class=\"has-text-align-center has-black-color has-text-color has-link-color has-medium-font-size wp-elements-9bcb47ad553dc84e059727eeed6f11eb\">&#8211; Accueil des athl\u00e8tes \u00e0 leur arriv\u00e9e sur le quai.<\/p>\n\n\n\n<p class=\"has-text-align-center has-black-color has-text-color has-link-color has-medium-font-size wp-elements-b85343a190c13d9ce83eb3bd186abeb1\">&#8211; Installation des athl\u00e8tes dans leur logement respectif.<\/p>\n\n\n\n<p class=\"has-text-align-center has-black-color has-text-color has-link-color has-medium-font-size wp-elements-26ca535b4e395d969e384aba215916c3\">&#8211; 18H \u00e0 21H d\u00e9briefing sur la course avec tous les athl\u00e8tes \u00e0 la cantine scolaire, remise des dossards et Pasta Party en pr\u00e9sence des diff\u00e9rents donateurs (fermes perli\u00e8res et autre), le maire, pr\u00e9sident des diff\u00e9rents comit\u00e9s, les b\u00e9n\u00e9voles, l\u2019\u00e9quipe technique et l\u2019\u00e9quipe organisatrice de la course.<\/p>\n\n\n\n<p class=\"has-text-align-center has-black-color has-text-color has-link-color has-medium-font-size wp-elements-2f3da5c60acef950151a16c41c56ac60\">&#8211; 22H extinction des feux.<\/p>\n\n\n\n<p class=\"has-text-align-center has-black-color has-text-color has-link-color has-medium-font-size wp-elements-0cc2d25c629a3a02760e2c3883301e91\"><em><u>Dimanche 14 septembre\u00a0:<\/u><\/em><\/p>\n\n\n\n<p class=\"has-text-align-center has-black-color has-text-color has-link-color has-medium-font-size wp-elements-98b016cfdf85a6ac91ed7a131ba84073\">&#8211; 04H00 petit d\u00e9jeuner \u00e0 la cantine scolaire pour les athl\u00e8tes ayant pris les forfaits tout compris.<\/p>\n\n\n\n<p class=\"has-text-align-center has-black-color has-text-color has-link-color has-medium-font-size wp-elements-eb8dde788c9219fddf0bfb6a57a04b36\">&#8211; 01h00 convocation des athl\u00e8tes \u00e0 la cath\u00e9drale pour l\u2019\u00e9margement du 72km.<\/p>\n\n\n\n<p class=\"has-text-align-center has-black-color has-text-color has-link-color has-medium-font-size wp-elements-a0ccbdeb79d7d4e86177487359c708fb\">&#8211; 02h00 d\u00e9part du 72km \u00e0 la cath\u00e9drale de Saint Michel de Rikitea.<\/p>\n\n\n\n<p class=\"has-text-align-center has-black-color has-text-color has-link-color has-medium-font-size wp-elements-5c20cbb41a776c21d1413426097600c3\">&#8211; 05H15 convocation des athl\u00e8tes \u00e0 la cath\u00e9drale pour l\u2019\u00e9margement du 17 et 36km.<\/p>\n\n\n\n<p class=\"has-text-align-center has-black-color has-text-color has-link-color has-medium-font-size wp-elements-873e4a9b561f7cc71512989a3c74dc47\">&#8211; 7h00 d\u00e9part du 17 et du 36km \u00e0 la cath\u00e9drale de Saint Michel de Rikitea.<\/p>\n\n\n\n<p class=\"has-text-align-center has-black-color has-text-color has-link-color has-medium-font-size wp-elements-c76e1c59f299ce938093d6a4d7ccf914\">&#8211; 10h00 ou 11H00 accueil des premiers athl\u00e8tes \u00e0 la salle omnisports avec la remise de leurs m\u00e9dailles finisher quand ils passeront la ligne d\u2019arriv\u00e9e.<\/p>\n\n\n\n<p class=\"has-text-align-center has-black-color has-text-color has-link-color has-medium-font-size wp-elements-4b3ef3892b70f4ec3d9d29f724fc0af0\">&#8211; 17h30 accueil des derniers arrivant  \u00e0 la salle omnisports avec la remise de leur m\u00e9dailles Finisher quand ils passeront la ligne d\u2019arriv\u00e9e.<\/p>\n\n\n\n<p class=\"has-text-align-center has-black-color has-text-color has-link-color has-medium-font-size wp-elements-0b35ef3eab59c0cc03d752f530a8cbac\">&#8211; 18h30 remise des prix pour les 3 premiers hommes et 3 premi\u00e8res femmes en pr\u00e9sence des diff\u00e9rents donateurs (fermes perli\u00e8res et autre), le maire, pr\u00e9sident des diff\u00e9rents comit\u00e9s, les b\u00e9n\u00e9voles, l\u2019\u00e9quipe technique et l\u2019\u00e9quipe organisatrice de la course<\/p>\n\n\n\n<p class=\"has-text-align-center has-black-color has-text-color has-link-color has-medium-font-size wp-elements-daa93dd658474d5617d6aeb6d3764896\">INFO SUPPL\u00c9MENTAIRE : durant toute la journ\u00e9e de dimanche un barbecue g\u00e9ant sera pr\u00e9par\u00e9 avec des collations diverses pour tous les athl\u00e8tes et les b\u00e9n\u00e9voles \u00e0 Te ao o papa ou la salle omnisport jusqu\u2019\u00e0 19H00.<\/p>\n\n\n\n<p class=\"has-text-align-center has-black-color has-text-color has-link-color has-medium-font-size wp-elements-363ca9f138578008aeca6bdcb4e65e32\"><em><u>Lundi 15 septembre<\/u><\/em><\/p>\n\n\n\n<p class=\"has-text-align-center has-black-color has-text-color has-link-color has-medium-font-size wp-elements-1573ab20ac15f27f0b90c493e498c443\">&#8211; 06H00 petit d\u00e9jeuner \u00e0 la cantine scolaire pour les athl\u00e8tes ayant pris les forfaits tout compris.<\/p>\n\n\n\n<p class=\"has-text-align-center has-black-color has-text-color has-link-color has-medium-font-size wp-elements-9ad86ae43fb734a5647c45cc7672a70d\">&#8211; 08H00 d\u00e9part avec les athl\u00e8tes en pr\u00e9sence des b\u00e9n\u00e9voles, l\u2019\u00e9quipe technique et organisatrice de la course sur un motu pour un pique-nique.<\/p>\n\n\n\n<p class=\"has-text-align-center has-black-color has-text-color has-link-color has-medium-font-size wp-elements-dbe372b4ecd9b4950d4d150d04fd706d\">&#8211; 15H00 retour sur l&rsquo;\u00eele de Mangareva et quartier libre.<\/p>\n\n\n\n<p class=\"has-text-align-center has-black-color has-text-color has-link-color has-medium-font-size wp-elements-cf5a9a0dfdef3c77a3aa66dbd168382f\">&#8211; 19H00 Pizza Party avec les participants de Tahiti.<\/p>\n\n\n\n<p class=\"has-text-align-center has-black-color has-text-color has-link-color has-medium-font-size wp-elements-ce6a3e77e328c96053b6c9374018f2c3\"><em><u>Mardi 16 septembre<\/u><\/em><\/p>\n\n\n\n<p class=\"has-text-align-center has-black-color has-text-color has-link-color has-medium-font-size wp-elements-4375a603d739a034e27c99dfdaf98f16\">&#8211; 07H00 petit d\u00e9jeuner \u00e0 la cantine scolaire pour les athl\u00e8tes ayant pris les forfaits tout compris<\/p>\n\n\n\n<p class=\"has-text-align-center has-black-color has-text-color has-link-color has-medium-font-size wp-elements-d1050c2db1856a3ce2ffdb7b924564c6\">&#8211; Retour d\u2019un premier groupe athl\u00e8tes sur Tahiti \u00e0 l\u2019heure indiqu\u00e9e par Air Tahiti.<\/p>\n\n\n\n<p class=\"has-text-align-center has-black-color has-text-color has-link-color has-medium-font-size wp-elements-d89953f10183dc1b75bdc07e64ceda0b\"><em><u>Samedi 20 septembre<\/u><\/em><\/p>\n\n\n\n<p class=\"has-text-align-center has-black-color has-text-color has-link-color has-medium-font-size wp-elements-69f82aebec13fa46904450d71c58547c\">Retour du dernier groupe athl\u00e8tes sur Tahiti \u00e0 l\u2019heure indiqu\u00e9e par Air Tahiti.<\/p>\n\n\n\n<p><\/p>\n","protected":false},"excerpt":{"rendered":"<p>Programme 2025 Mardi 09 septembre\u00a0: &#8211; Apr\u00e8s 4h d\u2019avion et 30 minutes de bateau les premiers athl\u00e8tes arriveront sur l\u2019\u00eele de Mangareva (1 heure en plus par rapport \u00e0 Tahiti). &#8211; Accueil des athl\u00e8tes \u00e0 leur arriv\u00e9e sur le quai. &#8211; Installation des athl\u00e8tes dans leur logement respectif. Samedi 13 septembre\u00a0: &#8211; Apr\u00e8s 4h d\u2019avion et 30 minutes de bateau les deuxi\u00e8me groupe d&rsquo;athl\u00e8tes arriveront sur l\u2019\u00eele de Mangareva (1 heure en plus par rapport \u00e0 Tahiti). &#8211; Accueil des athl\u00e8tes \u00e0 leur arriv\u00e9e sur le quai. &#8211; Installation des athl\u00e8tes dans leur logement respectif. &#8211; 18H \u00e0 21H d\u00e9briefing sur la course avec tous les athl\u00e8tes \u00e0 la cantine scolaire, remise des dossards et Pasta Party en pr\u00e9sence des diff\u00e9rents donateurs (fermes perli\u00e8res et autre), le maire, pr\u00e9sident des diff\u00e9rents comit\u00e9s, les b\u00e9n\u00e9voles, l\u2019\u00e9quipe technique et l\u2019\u00e9quipe organisatrice de la course. &#8211; 22H extinction des feux. Dimanche 14 septembre\u00a0:&hellip;<\/p>\n<p> <a class=\"more-link\" href=\"https:\/\/mangarevapearltrail.com\/?page_id=296\">Lire la suite<\/a><\/p>\n","protected":false},"author":2,"featured_media":0,"parent":0,"menu_order":0,"comment_status":"closed","ping_status":"closed","template":"","meta":{"footnotes":""},"class_list":["post-296","page","type-page","status-publish"],"_links":{"self":[{"href":"https:\/\/mangarevapearltrail.com\/index.php?rest_route=\/wp\/v2\/pages\/296","targetHints":{"allow":["GET"]}}],"collection":[{"href":"https:\/\/mangarevapearltrail.com\/index.php?rest_route=\/wp\/v2\/pages"}],"about":[{"href":"https:\/\/mangarevapearltrail.com\/index.php?rest_route=\/wp\/v2\/types\/page"}],"author":[{"embeddable":true,"href":"https:\/\/mangarevapearltrail.com\/index.php?rest_route=\/wp\/v2\/users\/2"}],"replies":[{"embeddable":true,"href":"https:\/\/mangarevapearltrail.com\/index.php?rest_route=%2Fwp%2Fv2%2Fcomments&post=296"}],"version-history":[{"count":43,"href":"https:\/\/mangarevapearltrail.com\/index.php?rest_route=\/wp\/v2\/pages\/296\/revisions"}],"predecessor-version":[{"id":929,"href":"https:\/\/mangarevapearltrail.com\/index.php?rest_route=\/wp\/v2\/pages\/296\/revisions\/929"}],"wp:attachment":[{"href":"https:\/\/mangarevapearltrail.com\/index.php?rest_route=%2Fwp%2Fv2%2Fmedia&parent=296"}],"curies":[{"name":"wp","href":"https:\/\/api.w.org\/{rel}","templated":true}]}}