{"id":7,"date":"2020-01-24T18:07:26","date_gmt":"2020-01-24T17:07:26","guid":{"rendered":"https:\/\/mangarevapearltrail.com\/?page_id=7"},"modified":"2022-08-25T21:41:50","modified_gmt":"2022-08-25T19:41:50","slug":"a-propos-de","status":"publish","type":"page","link":"https:\/\/mangarevapearltrail.com\/?page_id=7","title":{"rendered":"AS Coureurs Des Gambier &#8211; ASCDG"},"content":{"rendered":"<div class=\"wp-block-image\">\n<figure class=\"aligncenter size-medium is-resized\"><img loading=\"lazy\" decoding=\"async\" src=\"https:\/\/mangarevapearltrail.com\/wp-content\/uploads\/2021\/02\/ASCDG-1149x564.png\" alt=\"\" class=\"wp-image-455\" width=\"575\" height=\"282\" srcset=\"https:\/\/mangarevapearltrail.com\/wp-content\/uploads\/2021\/02\/ASCDG.png 1149w, https:\/\/mangarevapearltrail.com\/wp-content\/uploads\/2021\/02\/ASCDG-768x376.png 768w\" sizes=\"auto, (max-width: 575px) 100vw, 575px\" \/><\/figure>\n<\/div>\n\n\n<p class=\"has-text-align-center has-medium-font-size\"><strong>ASCDG cr\u00e9\u00e9e en 2017 et \u00e0 pour objet <\/strong><\/p>\n\n\n\n<p class=\"has-text-align-center\">-De promouvoir\nle sport individuel et collectif en cr\u00e9ant des \u00e9quipes d\u2019athl\u00e9tismes, de\nfootball, de volley-ball, de basket-ball, d\u2019handball, de pirogue, et toutes\nautres disciplines sportives individuelles ou collectives qui pourraient \u00eatre\nmises en place. <\/p>\n\n\n\n<p class=\"has-text-align-center\">-R\u00e9colter des\nfonds (vente de plats, vente de g\u00e2teaux et organisation de soir\u00e9e dansant ou\npar la demande de subvention). Ces fonds auront pour but de faire participer\nles athl\u00e8tes membres de l\u2019association \u00e0 des \u00e9v\u00e9nements sportifs dans toutes la\nPolyn\u00e9sie Fran\u00e7aise et \u00e0 l\u2019\u00e9tranger. Ces fonds permettront aussi \u00e0\nl\u2019association de se munir en \u00e9quipement sportif divers pour le bien \u00eatre des\nathl\u00e8tes membres de l\u2019association. Et permettre \u00e0 l\u2019association gr\u00e2ce aux\nr\u00e9coltes de fonds d\u2019acqu\u00e9rir les outils n\u00e9cessaires pour le bon fonctionnement\nde l\u2019association. <\/p>\n\n\n\n<p class=\"has-text-align-center\">-Permettre aux\nathl\u00e8tes membres de l\u2019association d\u2019avoir la possibilit\u00e9 de contracter des\nlicences sportives aupr\u00e8s des f\u00e9d\u00e9rations sportives de la Polyn\u00e9sie Fran\u00e7aise. <\/p>\n\n\n\n<p class=\"has-text-align-center\">-Organiser des\ncomp\u00e9titions sportives.\u2028<\/p>\n\n\n\n<p class=\"has-text-align-center\">-Cr\u00e9er de\nnouveaux sentiers p\u00e9destres sur l\u2019\u00eele de Mangareva, entretenir les sentiers\nd\u00e9j\u00e0 existants, s\u00e9curiser et baliser ces sentiers.<\/p>\n\n\n\n<p class=\"has-text-align-center\">-Mener des actions en faveur de la protection de l&rsquo;environnement, de la culture et du patrimoine \u00e0 Mangareva.<\/p>\n\n\n\n<p class=\"has-text-align-center has-medium-font-size\"><strong>Le bureau<\/strong><\/p>\n\n\n\n<p class=\"has-text-align-center\">L\u2019association est administr\u00e9e par un bureau ex\u00e9cutif compos\u00e9 de 4 membres :<\/p>\n\n\n\n<p class=\"has-text-align-center\">1) Un pr\u00e9sident ; <\/p>\n\n\n\n<p class=\"has-text-align-center\">2) Un vice-pr\u00e9sident ; <\/p>\n\n\n\n<p class=\"has-text-align-center\">3) Un secr\u00e9taire ; <\/p>\n\n\n\n<p class=\"has-text-align-center\">4) Une tr\u00e9sori\u00e8re . <\/p>\n\n\n\n<p class=\"has-text-align-center\">Le pr\u00e9sident \u00e9tant Alexis Crescence.<\/p>\n\n\n\n<p class=\"has-text-align-center\" style=\"font-size:17px\">Contact : <a href=\"mailto:ascdg@mangarevapearltrail.com\">ascdg@mangarevapearltrail.com<\/a><\/p>\n","protected":false},"excerpt":{"rendered":"<p>ASCDG cr\u00e9\u00e9e en 2017 et \u00e0 pour objet -De promouvoir le sport individuel et collectif en cr\u00e9ant des \u00e9quipes d\u2019athl\u00e9tismes, de football, de volley-ball, de basket-ball, d\u2019handball, de pirogue, et toutes autres disciplines sportives individuelles ou collectives qui pourraient \u00eatre mises en place. -R\u00e9colter des fonds (vente de plats, vente de g\u00e2teaux et organisation de soir\u00e9e dansant ou par la demande de subvention). Ces fonds auront pour but de faire participer les athl\u00e8tes membres de l\u2019association \u00e0 des \u00e9v\u00e9nements sportifs dans toutes la Polyn\u00e9sie Fran\u00e7aise et \u00e0 l\u2019\u00e9tranger. Ces fonds permettront aussi \u00e0 l\u2019association de se munir en \u00e9quipement sportif divers pour le bien \u00eatre des athl\u00e8tes membres de l\u2019association. Et permettre \u00e0 l\u2019association gr\u00e2ce aux r\u00e9coltes de fonds d\u2019acqu\u00e9rir les outils n\u00e9cessaires pour le bon fonctionnement de l\u2019association. -Permettre aux athl\u00e8tes membres de l\u2019association d\u2019avoir la possibilit\u00e9 de contracter des licences sportives aupr\u00e8s des f\u00e9d\u00e9rations sportives de la Polyn\u00e9sie&hellip;<\/p>\n<p> <a class=\"more-link\" href=\"https:\/\/mangarevapearltrail.com\/?page_id=7\">Lire la suite<\/a><\/p>\n","protected":false},"author":1,"featured_media":0,"parent":0,"menu_order":0,"comment_status":"closed","ping_status":"closed","template":"","meta":{"footnotes":""},"class_list":["post-7","page","type-page","status-publish"],"_links":{"self":[{"href":"https:\/\/mangarevapearltrail.com\/index.php?rest_route=\/wp\/v2\/pages\/7","targetHints":{"allow":["GET"]}}],"collection":[{"href":"https:\/\/mangarevapearltrail.com\/index.php?rest_route=\/wp\/v2\/pages"}],"about":[{"href":"https:\/\/mangarevapearltrail.com\/index.php?rest_route=\/wp\/v2\/types\/page"}],"author":[{"embeddable":true,"href":"https:\/\/mangarevapearltrail.com\/index.php?rest_route=\/wp\/v2\/users\/1"}],"replies":[{"embeddable":true,"href":"https:\/\/mangarevapearltrail.com\/index.php?rest_route=%2Fwp%2Fv2%2Fcomments&post=7"}],"version-history":[{"count":21,"href":"https:\/\/mangarevapearltrail.com\/index.php?rest_route=\/wp\/v2\/pages\/7\/revisions"}],"predecessor-version":[{"id":590,"href":"https:\/\/mangarevapearltrail.com\/index.php?rest_route=\/wp\/v2\/pages\/7\/revisions\/590"}],"wp:attachment":[{"href":"https:\/\/mangarevapearltrail.com\/index.php?rest_route=%2Fwp%2Fv2%2Fmedia&parent=7"}],"curies":[{"name":"wp","href":"https:\/\/api.w.org\/{rel}","templated":true}]}}