{"id":8,"date":"2020-01-24T18:07:26","date_gmt":"2020-01-24T17:07:26","guid":{"rendered":"https:\/\/mangarevapearltrail.com\/?page_id=8"},"modified":"2022-08-26T00:22:20","modified_gmt":"2022-08-25T22:22:20","slug":"contact","status":"publish","type":"page","link":"https:\/\/mangarevapearltrail.com\/?page_id=8","title":{"rendered":"Les \u00eeles Gambier"},"content":{"rendered":"\n<h2 class=\"has-text-align-center wp-block-heading\">Les \u00eeles Gambier<\/h2>\n\n\n<div class=\"wp-block-image\">\n<figure class=\"aligncenter size-large\"><img loading=\"lazy\" decoding=\"async\" width=\"1024\" height=\"297\" src=\"https:\/\/mangarevapearltrail.com\/wp-content\/uploads\/2020\/01\/image-de-titre-4-1-1024x297.jpg\" alt=\"\" class=\"wp-image-88\" srcset=\"https:\/\/mangarevapearltrail.com\/wp-content\/uploads\/2020\/01\/image-de-titre-4-1-1024x297.jpg 1024w, https:\/\/mangarevapearltrail.com\/wp-content\/uploads\/2020\/01\/image-de-titre-4-1-300x87.jpg 300w, https:\/\/mangarevapearltrail.com\/wp-content\/uploads\/2020\/01\/image-de-titre-4-1-768x223.jpg 768w, https:\/\/mangarevapearltrail.com\/wp-content\/uploads\/2020\/01\/image-de-titre-4-1-1536x445.jpg 1536w, https:\/\/mangarevapearltrail.com\/wp-content\/uploads\/2020\/01\/image-de-titre-4-1-2048x594.jpg 2048w\" sizes=\"auto, (max-width: 1024px) 100vw, 1024px\" \/><\/figure>\n<\/div>\n\n\n<p class=\"has-text-align-center\">Les \u00eeles Gambier, ou archipel des Gambier, situ\u00e9es dans le Nord-Ouest de l&rsquo;oc\u00e9an Pacifique Sud, sont l&rsquo;un des cinq archipels de la Polyn\u00e9sie fran\u00e7aise. <\/p>\n\n\n<div class=\"wp-block-image\">\n<figure class=\"aligncenter size-large\"><img loading=\"lazy\" decoding=\"async\" width=\"540\" height=\"540\" src=\"https:\/\/mangarevapearltrail.com\/wp-content\/uploads\/2020\/01\/I\u0302les_Gambier_image_satellite-1-540x540.jpg\" alt=\"\" class=\"wp-image-226\" srcset=\"https:\/\/mangarevapearltrail.com\/wp-content\/uploads\/2020\/01\/I\u0302les_Gambier_image_satellite-1.jpg 540w, https:\/\/mangarevapearltrail.com\/wp-content\/uploads\/2020\/01\/I\u0302les_Gambier_image_satellite-1-150x150.jpg 150w\" sizes=\"auto, (max-width: 540px) 100vw, 540px\" \/><\/figure>\n<\/div>\n\n\n<p class=\"has-text-align-center\">Ces \u00eeles constituent les zones de peuplement les plus orientales de la Polyn\u00e9sie fran\u00e7aise, situ\u00e9es \u00e0 1 586 km \u00e0 l&rsquo;est-sud-est de Tahiti. En fait, c&rsquo;est l&rsquo;atoll Temoe, rattach\u00e9 administrativement aux \u00eeles Gambier (dans la commune de Gambier), et situ\u00e9 \u00e0 54 km \u00e0 l&rsquo;est-sud-est, qui est r\u00e9ellement l&rsquo;\u00eele la plus orientale de Polyn\u00e9sie fran\u00e7aise. \u00c0 plus de 530 km \u00e0 l&rsquo;est-sud-est des \u00eeles Gambier, se trouve l&rsquo;\u00eele Pitcairn, c\u00e9l\u00e8bre pour avoir abrit\u00e9 les mutin\u00e9s du Bounty \u00e0 la fin du XVIIIe si\u00e8cle.<\/p>\n\n\n\n<p class=\"has-text-align-center\">L&rsquo;ensemble est compos\u00e9 de quatorze \u00eeles hautes, dont quatre de tr\u00e8s petite taille, ainsi que de plusieurs \u00eelots coralliens (ou motus) ancr\u00e9s sur le r\u00e9cif qui enserre un lagon profond dans lequel les \u00eeles hautes sont dispos\u00e9es. Ces \u00eeles constituent le dernier stade avant la formation d&rsquo;un atoll complet : en effet, contrairement aux autres atolls des Tuamotu, le volcanisme dont elles sont issues est plus r\u00e9cent et l&rsquo;enfoncement du massif volcanique (dont elles sont issues) par son poids sur le plancher oc\u00e9anique n&rsquo;est pas encore complet. Toutefois la frange r\u00e9cifale coralienne est quasiment compl\u00e8te et t\u00e9moigne de la taille imposante qu&rsquo;a pu avoir l&rsquo;ancien volcan.<\/p>\n\n\n\n<p class=\"has-text-align-center\">La plus grande \u00eele, et la seule habit\u00e9e de fa\u00e7on permanente \u00e0 l&rsquo;exception de quelques foyers isol\u00e9s, est Mangareva avec Rikitea comme chef-lieu. Les trois autres grandes \u00eeles sont Aukena, Akamaru et Taravai. Ces \u00eeles font partie de la commune des Gambier, dont l&rsquo;\u00eele de Mangareva est le chef-lieu. Un a\u00e9rodrome existe sur le motu Totegegie. Le mangar\u00e9vien et le fran\u00e7ais sont les langues d&rsquo;usage.<\/p>\n\n\n\n<p class=\"has-text-align-center\">Les six principales \u00eeles au centre de l&rsquo;atoll de Gambier sont :<br>\nMangareva<br>\nTaravai<br>\nAkamaru<br>\nAukena<br>\nAgakauitai (inhabit\u00e9)<br>\nKamaka<\/p>\n\n\n\n<p class=\"has-text-align-center\">Les principaux sommets des Gambier sont le mont Duff, le mont Mokoto et le mont Mukotaka.<\/p>\n\n\n\n<p class=\"has-text-align-center\">Les \u00eeles Gambier jouissent d&rsquo;un climat maritime typique, de nature tropicale mais relativement frais. Les pluies sont relativement constantes dans l&rsquo;ann\u00e9e. Les temp\u00e9ratures sont similaires aux \u00eeles Australes, il y a la saison chaude de novembre \u00e0 avril et la saison fra\u00eeche de mai \u00e0 octobre. Les temp\u00e9ratures minimales et maximales enregistr\u00e9es aux Gambier (station m\u00e9t\u00e9orologique de Rikitea) sont 13,2\u00b0C (le 27 ao\u00fbt 1992) et 31,2\u00b0C (le 23 janvier 1989).<\/p>\n\n\n\n<p class=\"has-text-align-center\">Pour ce qui est de la v\u00e9g\u00e9tation aux \u00eeles Gambier, on retrouve des cocotiers, palmiers, pandanus, pins, aito, miro, tiare, arbre \u00e0 pain, orangers, bananiers, caf\u00e9iers, pamplemoussiers et litchis.<\/p>\n\n\n\n<p class=\"has-text-align-center\">Les \u00eeles Gambier furent peupl\u00e9es \u00e0 partir du XIIe si\u00e8cle de notre \u00e8re. Ce n&rsquo;est que beaucoup plus tard, le 24 mai 1797 qu&rsquo;elles furent d\u00e9couvertes par des Europ\u00e9ens, avec le passage dans leurs eaux du navigateur britannique James Wilson. Naviguant avec son \u00e9quipage et quelques missionnaires de la Soci\u00e9t\u00e9 missionnaire de Londres se rendant \u00e0 Tahiti, il baptise l&rsquo;archipel du nom de l&rsquo;amiral britannique John James Gambier soutenant les activit\u00e9s de la mission. De plus, il nomma le point culminant des \u00eeles (sur l&rsquo;\u00eele de Mangar\u00e9va), du nom de son navire le Duff.<\/p>\n\n\n\n<p class=\"has-text-align-center\">Il faudra attendre jusqu&rsquo;en 1826 pour que le premier Europ\u00e9en, Frederick William Beechey, aborde sur une \u00eele. L&rsquo;officier britannique y d\u00e9couvrit les Mangar\u00e9viens qui appartenaient \u00e0 l&rsquo;ethnie polyn\u00e9sienne, ils \u00e9taient environ 5 000, \u00e9taient v\u00e9g\u00e9tariens et parlaient un dialecte, le Mangar\u00e9vien. \u00c0 cette \u00e9poque, le roi des Gambier, Maputeoa, r\u00e9sidait \u00e0 Rikitea. La population \u00e9tait r\u00e9partie sur les quatre \u00eeles principales. Quelque temps plus tard, les r\u00e9cits de Beechey attir\u00e8rent de nombreux navires de commerce \u2013 dont ceux des marchands Thomas Ebrill et Allain Jacques Guillou qui y font a partir de 1832 le commerce r\u00e9gulier des perles, ce qui fit de Rikitea une importante escale de r\u00e9approvisionnement et un centre de commerce avec les indig\u00e8nes pour sa nacre de bonne qualit\u00e9, abondante dans les vastes lagons.<\/p>\n\n\n\n<p class=\"has-text-align-center\">En 1834, fut fond\u00e9e la premi\u00e8re mission catholique de Polyn\u00e9sie, par la Congr\u00e9gation des Sacr\u00e9s-C\u0153urs (Picpus). Honor\u00e9 Laval, le sup\u00e9rieur de la mission et le p\u00e8re Fran\u00e7ois Caret y multipli\u00e8rent les constructions d&rsquo;\u00e9difices \u00e0 vocation religieuse (une imposante cath\u00e9drale de 48 m\u00e8tres de long sur 18 de large (la cath\u00e9drale Saint-Michel de Rikitea), neuf chapelles, tours de guet, prison,\u2026) sur toutes les \u00eeles environnantes. L&rsquo;explorateur Jules Dumont d&rsquo;Urville accoste sur l&rsquo;\u00eele en 1838, \u00e0 bord de L&rsquo;Astrolabe, et loue la mission \u00e9vang\u00e9lique.<\/p>\n\n\n\n<p class=\"has-text-align-center\">En 1844, les \u00eeles sont plac\u00e9es sous protectorat fran\u00e7ais, ce qui ne fut cependant jamais ratifi\u00e9 par le gouvernement fran\u00e7ais5. Le roi Maputeoa meurt en 18575, Honor\u00e9 Laval, devenu chef de la mission, \u00e9tant consid\u00e9r\u00e9 comme le repr\u00e9sentant officiel du gouvernement fran\u00e7ais5. Entr\u00e9 en conflit avec les autorit\u00e9s fran\u00e7aises, souhaitant instaurer une \u00ab th\u00e9ocratie missionnaire \u00bb, Laval est finalement contraint de quitter l&rsquo;\u00eele le 4 avril 1871, deux mois apr\u00e8s les \u00e9lections l\u00e9gislatives fran\u00e7aises.<\/p>\n\n\n\n<p class=\"has-text-align-center\">Ayant \u00e9t\u00e9 une entit\u00e9 semi-ind\u00e9pendante depuis 1844, c&rsquo;est finalement en 1881 que les Gambier sont officiellement annex\u00e9es \u00e0 la France.<\/p>\n\n\n\n<p class=\"has-text-align-center\">La population va d\u00e9cliner tr\u00e8s rapidement, puisqu&rsquo;en 1887 il n&rsquo;y a plus que 463 personnes. Les commer\u00e7ants convoitent la nacre locale.<\/p>\n\n\n\n<p class=\"has-text-align-center\">De 1966 \u00e0 1996, les essais nucl\u00e9aires conduits par l&rsquo;arm\u00e9e fran\u00e7aise sur l&rsquo;atoll de Moruroa entra\u00eenent une pr\u00e9sence militaire importante sur l&rsquo;archipel, et bon nombre d&rsquo;habitants travaillent parfois sur le site d&rsquo;essais. Les retomb\u00e9es radioactives et leurs cons\u00e9quences sur la sant\u00e9 publique font l&rsquo;objet d&rsquo;une vive pol\u00e9mique.<\/p>\n\n\n\n<p class=\"has-text-align-center\">L&rsquo;\u00e9migration \u00e9tait forte et la population du village stagnait : elle s&rsquo;\u00e9levait \u00e0 580 habitants en 1956 et 560 en 1983. Depuis, elle a fortement augment\u00e9 (1 097 en 2002), le dernier recensement d&rsquo;ao\u00fbt 2007 fait \u00e9tat de 1 337 habitants.<\/p>\n\n\n\n<p class=\"has-text-align-center\">Les gens pratiquent de nos jours la perliculture dans les nombreuses fermes perli\u00e8res occupant les lagons des Gambier, dont les eaux relativement fra\u00eeches autorisent la production de perles de qualit\u00e9. On compte 129 exploitations dont quatorze entreprises. Au cours des derni\u00e8res ann\u00e9es, bien que tr\u00e8s \u00e9loign\u00e9 des foyers majeurs de peuplement de la Polyn\u00e9sie fran\u00e7aise, l&rsquo;archipel a vu sa population augmenter gr\u00e2ce \u00e0 l&rsquo;activit\u00e9 perli\u00e8re et \u00e0 l&rsquo;exploitation de la nacre.<\/p>\n\n\n\n<p class=\"has-text-align-center\">Concernant le tourisme, l&rsquo;archipel des Gambier est l&rsquo;un des moins visit\u00e9s de Polyn\u00e9sie fran\u00e7aise. L&rsquo;\u00e9loignement de Tahiti et le prix du billet d&rsquo;avion pour s&rsquo;y rendre en sont en grande partie responsables, pourtant les Gambier poss\u00e8dent un potentiel d\u00fb \u00e0 leur climat, leur environnement et leur pass\u00e9 historique unique. Quelques voiliers font escale dans la baie de Rikitea et les touristes d\u00e9sirant se rendre aux \u00celes Pitcairn passent par Mangareva qui leur sert de base de d\u00e9part.<\/p>\n\n\n\n<p class=\"has-text-align-center\">Aux \u00eeles Gambier, la production locale est limit\u00e9e \u00e0 quelques secteurs de production, comme l&rsquo;agriculture vivri\u00e8re et la p\u00eache, et la majorit\u00e9 des biens de consommation sont achemin\u00e9s par un service de fret assur\u00e9 par deux go\u00e9lettes, effectuant une rotation toutes les trois semaines. <\/p>\n","protected":false},"excerpt":{"rendered":"<p>Les \u00eeles Gambier Les \u00eeles Gambier, ou archipel des Gambier, situ\u00e9es dans le Nord-Ouest de l&rsquo;oc\u00e9an Pacifique Sud, sont l&rsquo;un des cinq archipels de la Polyn\u00e9sie fran\u00e7aise. Ces \u00eeles constituent les zones de peuplement les plus orientales de la Polyn\u00e9sie fran\u00e7aise, situ\u00e9es \u00e0 1 586 km \u00e0 l&rsquo;est-sud-est de Tahiti. En fait, c&rsquo;est l&rsquo;atoll Temoe, rattach\u00e9 administrativement aux \u00eeles Gambier (dans la commune de Gambier), et situ\u00e9 \u00e0 54 km \u00e0 l&rsquo;est-sud-est, qui est r\u00e9ellement l&rsquo;\u00eele la plus orientale de Polyn\u00e9sie fran\u00e7aise. \u00c0 plus de 530 km \u00e0 l&rsquo;est-sud-est des \u00eeles Gambier, se trouve l&rsquo;\u00eele Pitcairn, c\u00e9l\u00e8bre pour avoir abrit\u00e9 les mutin\u00e9s du Bounty \u00e0 la fin du XVIIIe si\u00e8cle. L&rsquo;ensemble est compos\u00e9 de quatorze \u00eeles hautes, dont quatre de tr\u00e8s petite taille, ainsi que de plusieurs \u00eelots coralliens (ou motus) ancr\u00e9s sur le r\u00e9cif qui enserre un lagon profond dans lequel les \u00eeles hautes sont dispos\u00e9es. Ces \u00eeles constituent&hellip;<\/p>\n<p> <a class=\"more-link\" href=\"https:\/\/mangarevapearltrail.com\/?page_id=8\">Lire la suite<\/a><\/p>\n","protected":false},"author":1,"featured_media":0,"parent":0,"menu_order":0,"comment_status":"closed","ping_status":"closed","template":"","meta":{"footnotes":""},"class_list":["post-8","page","type-page","status-publish"],"_links":{"self":[{"href":"https:\/\/mangarevapearltrail.com\/index.php?rest_route=\/wp\/v2\/pages\/8","targetHints":{"allow":["GET"]}}],"collection":[{"href":"https:\/\/mangarevapearltrail.com\/index.php?rest_route=\/wp\/v2\/pages"}],"about":[{"href":"https:\/\/mangarevapearltrail.com\/index.php?rest_route=\/wp\/v2\/types\/page"}],"author":[{"embeddable":true,"href":"https:\/\/mangarevapearltrail.com\/index.php?rest_route=\/wp\/v2\/users\/1"}],"replies":[{"embeddable":true,"href":"https:\/\/mangarevapearltrail.com\/index.php?rest_route=%2Fwp%2Fv2%2Fcomments&post=8"}],"version-history":[{"count":7,"href":"https:\/\/mangarevapearltrail.com\/index.php?rest_route=\/wp\/v2\/pages\/8\/revisions"}],"predecessor-version":[{"id":627,"href":"https:\/\/mangarevapearltrail.com\/index.php?rest_route=\/wp\/v2\/pages\/8\/revisions\/627"}],"wp:attachment":[{"href":"https:\/\/mangarevapearltrail.com\/index.php?rest_route=%2Fwp%2Fv2%2Fmedia&parent=8"}],"curies":[{"name":"wp","href":"https:\/\/api.w.org\/{rel}","templated":true}]}}